{"id":861,"date":"2025-06-03T23:00:12","date_gmt":"2025-06-03T23:00:12","guid":{"rendered":"https:\/\/tintshadow.com\/home\/"},"modified":"2025-07-14T23:15:06","modified_gmt":"2025-07-14T23:15:06","slug":"home","status":"publish","type":"page","link":"https:\/\/tintshadow.com\/es\/","title":{"rendered":"Inicio"},"content":{"rendered":"<div class=\"wp-block-uagb-container uagb-block-756b6152 alignfull uagb-is-root-container\"><div class=\"uagb-container-inner-blocks-wrap\">\n<div class=\"wp-block-uagb-info-box uagb-block-a24ea14d uagb-infobox__content-wrap  uagb-infobox-icon-above-title uagb-infobox-image-valign-top\"><div class=\"uagb-ifb-content\"><div class=\"uagb-ifb-title-wrap\"><h1 class=\"uagb-ifb-title-prefix\">Haz que tu auto luzca incre\u00edble con el polarizado cer\u00e1mico premium m\u00e1s confiable de Florida.<\/h1><\/div><p class=\"uagb-ifb-desc\">Servicio m\u00f3vil en todo el sur de Florida<br>Protecci\u00f3n solar, privacidad y comodidad garantizadas.<\/p><div class=\"uagb-ifb-button-wrapper wp-block-button\"><a href=\"https:\/\/api.whatsapp.com\/send?phone=13522230788&amp;text=\" class=\"uagb-infobox-cta-link wp-block-button__link\" target=\"_blank\" rel=\"noopener noreferrer\" onclick=\"return true;\"><span class=\"uagb-inline-editing\">Agenda una cita<\/span><\/a><\/div><\/div><\/div>\n<\/div><\/div>\n\n\n\n<div class=\"wp-block-uagb-container uagb-layout-grid uagb-block-3e5e3112 alignfull uagb-is-root-container\"><div class=\"uagb-container-inner-blocks-wrap\">\n<div class=\"wp-block-uagb-info-box uagb-block-4188493e uagb-infobox__content-wrap  uagb-infobox-icon-above-title uagb-infobox-image-valign-top\"><div class=\"uagb-ifb-content\"><div class=\"uagb-ifb-title-wrap\"><h4 class=\"uagb-ifb-title-prefix\">SERVICIO DE POLARIZADO PARA VEH\u00cdCULOS, BOTES, CASAS Y OFICINAS<\/h4><h2 class=\"uagb-ifb-title\">sobre <br>Tint shadow<\/h2><\/div><\/div><\/div>\n\n\n\n<div class=\"wp-block-uagb-container uagb-block-d9991387\">\n<div class=\"wp-block-uagb-info-box uagb-block-da8d2f48 uagb-infobox__content-wrap  uagb-infobox-icon-above-title uagb-infobox-image-valign-top\"><div class=\"uagb-ifb-content\"><div class=\"uagb-ifb-icon-wrap\"><svg xmlns=\"https:\/\/www.w3.org\/2000\/svg\" viewbox=\"0 0 512 512\"><path d=\"M0 256C0 114.6 114.6 0 256 0C397.4 0 512 114.6 512 256C512 397.4 397.4 512 256 512C114.6 512 0 397.4 0 256zM371.8 211.8C382.7 200.9 382.7 183.1 371.8 172.2C360.9 161.3 343.1 161.3 332.2 172.2L224 280.4L179.8 236.2C168.9 225.3 151.1 225.3 140.2 236.2C129.3 247.1 129.3 264.9 140.2 275.8L204.2 339.8C215.1 350.7 232.9 350.7 243.8 339.8L371.8 211.8z\"><\/path><\/svg><\/div><div class=\"uagb-ifb-title-wrap\"><p class=\"uagb-ifb-title\">en <strong>Tint Shadow<\/strong>Nos especializamos en la instalaci\u00f3n de polarizado cer\u00e1mico de alta calidad. Ofrecemos soluciones avanzadas que combinan protecci\u00f3n solar, est\u00e9tica y tecnolog\u00eda de \u00faltima generaci\u00f3n para veh\u00edculos, embarcaciones, casas y oficinas.<br>Ya sea que necesites mejorar la comodidad y seguridad de tu auto, proteger el interior de tu hogar o aumentar la eficiencia energ\u00e9tica en tu oficina, tenemos la soluci\u00f3n ideal para ti.<br>Trabajamos con:<br>Veh\u00edculos particulares<br>Botes y embarcaciones<br>Casas y apartamentos<br>Oficinas y locales comerciales<br><strong>Ofrecemos:<\/strong><br>Polarizado cer\u00e1mico con protecci\u00f3n UV del 99%<br>Corte preciso con tecnolog\u00eda de plotter digital<br>Instalaci\u00f3n profesional, limpia y sin imperfecciones<br>Servicio m\u00f3vil r\u00e1pido y eficiente en todo el sur de Florida<br>Haz clic en el bot\u00f3n para agendar tu cita o conocer m\u00e1s sobre nuestros servicios.<br><\/p><\/div><\/div><\/div>\n<\/div>\n<\/div><\/div>\n\n\n\n<div class=\"wp-block-uagb-container uagb-block-2061b538 alignfull uagb-is-root-container\"><div class=\"uagb-container-inner-blocks-wrap\">\n<div class=\"wp-block-uagb-separator uagb-block-d3420a72\"><div class=\"wp-block-uagb-separator__inner\" style=\"--my-background-image:\"><\/div><\/div>\n\n\n\n<div class=\"wp-block-uagb-info-box uagb-block-c5ff6b45 uagb-infobox__content-wrap  uagb-infobox-icon-above-title uagb-infobox-image-valign-top\"><div class=\"uagb-ifb-content\"><div class=\"uagb-ifb-title-wrap\"><h3 class=\"uagb-ifb-title-prefix\">POLARIZADOS QUE USAMOS Y NUESTRO SERVICIO<\/h3><h4 class=\"uagb-ifb-title\">NUESTROS SERVICIOS<\/h4><\/div><p class=\"uagb-ifb-desc\">En Tint Shadow ofrecemos polarizado profesional con distintos niveles de opacidad, protecci\u00f3n UV del 99% y acabados de alta calidad.<br>Adaptamos cada instalaci\u00f3n a las necesidades del cliente, con un servicio m\u00f3vil r\u00e1pido y eficiente directamente en su domicilio o lugar de trabajo.<\/p><\/div><\/div>\n\n\n\n<div class=\"wp-block-uagb-container uagb-block-4790e5e8 alignfull uagb-is-root-container\"><div class=\"uagb-container-inner-blocks-wrap\">\n<div class=\"wp-block-uagb-info-box uagb-block-c39cd0fa uagb-infobox__content-wrap  uagb-infobox-icon-above-title uagb-infobox-image-valign-top wp-block-uagb-info-box--has-margin\"><div class=\"uagb-infobox-margin-wrapper\"><div class=\"uagb-ifb-content\"><div class=\"uagb-ifb-image-content\"><img decoding=\"async\" src=\"https:\/\/tintshadow.com\/wp-content\/uploads\/2025\/06\/IMG_7061-scaled-e1748995519976.jpg\" alt=\"\" width=\"1600\" height=\"1688\" loading=\"lazy\"\/><\/div><div class=\"uagb-ifb-title-wrap\"><h4 class=\"uagb-ifb-title\">VARIEDAD DE TONOS DISPONIBLES<\/h4><\/div><p class=\"uagb-ifb-desc\">Ofrecemos diferentes niveles de polarizado para adaptarnos a tu estilo y necesidades.<br>Desde tonos m\u00e1s claros que casi no se notan hasta opciones m\u00e1s oscuras que ofrecen m\u00e1xima privacidad.<br>Elige el porcentaje que mejor se ajuste a ti \u2014 siempre con protecci\u00f3n UV del 99%.<\/p><\/div><\/div><\/div>\n\n\n\n<div class=\"wp-block-uagb-info-box uagb-block-7e6bfecf uagb-infobox__content-wrap  uagb-infobox-icon-above-title uagb-infobox-image-valign-top wp-block-uagb-info-box--has-margin\"><div class=\"uagb-infobox-margin-wrapper\"><div class=\"uagb-ifb-content\"><div class=\"uagb-ifb-image-content\"><img decoding=\"async\" src=\"https:\/\/tintshadow.com\/wp-content\/uploads\/2025\/06\/IMG_7173-scaled.jpg\" alt=\"\" width=\"1600\" height=\"2133\" loading=\"lazy\"\/><\/div><div class=\"uagb-ifb-title-wrap\"><h4 class=\"uagb-ifb-title\">ELEGANCIA Y PRIVACIDAD DESDE EL INTERIOR<\/h4><\/div><p class=\"uagb-ifb-desc\">Nuestros polarizados no solo protegen \u2014 tambi\u00e9n transforman la apariencia de tu veh\u00edculo.<br>Desde cualquier \u00e1ngulo, el acabado cer\u00e1mico refleja calidad, privacidad y estilo.<br>Instalaci\u00f3n profesional que resalta tu veh\u00edculo en cada detalle.<\/p><\/div><\/div><\/div>\n\n\n\n<div class=\"wp-block-uagb-info-box uagb-block-712079f7 uagb-infobox__content-wrap  uagb-infobox-icon-above-title uagb-infobox-image-valign-top wp-block-uagb-info-box--has-margin\"><div class=\"uagb-infobox-margin-wrapper\"><div class=\"uagb-ifb-content\"><div class=\"uagb-ifb-image-content\"><img decoding=\"async\" src=\"https:\/\/tintshadow.com\/wp-content\/uploads\/2025\/06\/IMG_6640-scaled.jpg\" alt=\"\" width=\"1600\" height=\"2133\" loading=\"lazy\"\/><\/div><div class=\"uagb-ifb-title-wrap\"><h4 class=\"uagb-ifb-title\">PROTECCI\u00d3N COMPLETA CONTRA LOS RAYOS DEL SOL<\/h4><\/div><p class=\"uagb-ifb-desc\">Utilizamos film cer\u00e1mico de alta calidad que bloquea hasta el 99% de los rayos UV del sol.<br>Esta tecnolog\u00eda no solo protege el interior de tu veh\u00edculo, sino tambi\u00e9n tu piel y la de tus pasajeros.<br>M\u00e1xima protecci\u00f3n, m\u00e1xima durabilidad.<\/p><\/div><\/div><\/div>\n<\/div><\/div>\n<\/div><\/div>\n\n\n\n<div class=\"wp-block-uagb-separator uagb-block-dc46fd92\"><div class=\"wp-block-uagb-separator__inner\" style=\"--my-background-image:\"><\/div><\/div>\n\n\n\n<h2 class=\"wp-block-heading has-text-align-center has-large-font-size\">CORTES PRECISOS CON PLOTTER<\/h2>\n\n\n\n<p class=\"has-text-align-center\">Cada veh\u00edculo es diferente, por eso utilizamos tecnolog\u00eda de corte por plotter para lograr cortes exactos y personalizados seg\u00fan el modelo<\/p>\n\n\n\n<p class=\"has-text-align-center\">Este sistema permite que cada pieza de film se adapte de forma perfecta a los vidrios, garantizando.<\/p>\n\n\n\n<div class=\"wp-block-columns is-layout-flex wp-container-core-columns-is-layout-28f84493 wp-block-columns-is-layout-flex\">\n<div class=\"wp-block-column is-layout-flow wp-block-column-is-layout-flow\">\n<div class=\"wp-block-columns is-layout-flex wp-container-core-columns-is-layout-28f84493 wp-block-columns-is-layout-flex\">\n<div class=\"wp-block-column is-layout-flow wp-block-column-is-layout-flow\">\n<figure class=\"wp-block-image size-large is-resized\" style=\"margin-top:0;margin-right:var(--wp--preset--spacing--40);margin-bottom:0;margin-left:var(--wp--preset--spacing--40)\"><img loading=\"lazy\" decoding=\"async\" width=\"614\" height=\"1024\" src=\"https:\/\/tintshadow.com\/wp-content\/uploads\/2025\/06\/IMG_7569-edited-scaled-e1749858557470-614x1024.jpg\" alt=\"\" class=\"wp-image-2460\" style=\"aspect-ratio:1;object-fit:cover;width:350px;height:auto\" srcset=\"https:\/\/tintshadow.com\/wp-content\/uploads\/2025\/06\/IMG_7569-edited-scaled-e1749858557470-614x1024.jpg 614w, https:\/\/tintshadow.com\/wp-content\/uploads\/2025\/06\/IMG_7569-edited-scaled-e1749858557470-180x300.jpg 180w, https:\/\/tintshadow.com\/wp-content\/uploads\/2025\/06\/IMG_7569-edited-scaled-e1749858557470-768x1280.jpg 768w, https:\/\/tintshadow.com\/wp-content\/uploads\/2025\/06\/IMG_7569-edited-scaled-e1749858557470-922x1536.jpg 922w, https:\/\/tintshadow.com\/wp-content\/uploads\/2025\/06\/IMG_7569-edited-scaled-e1749858557470-1229x2048.jpg 1229w, https:\/\/tintshadow.com\/wp-content\/uploads\/2025\/06\/IMG_7569-edited-scaled-e1749858557470-7x12.jpg 7w, https:\/\/tintshadow.com\/wp-content\/uploads\/2025\/06\/IMG_7569-edited-scaled-e1749858557470.jpg 1500w\" sizes=\"auto, (max-width: 614px) 100vw, 614px\" \/><\/figure>\n<\/div>\n\n\n\n<div class=\"wp-block-column is-layout-flow wp-block-column-is-layout-flow\">\n<figure class=\"wp-block-image size-large is-resized\" style=\"margin-right:var(--wp--preset--spacing--40);margin-left:var(--wp--preset--spacing--40)\"><img loading=\"lazy\" decoding=\"async\" width=\"619\" height=\"1024\" src=\"https:\/\/tintshadow.com\/wp-content\/uploads\/2025\/06\/IMG_4788-1-619x1024.jpg\" alt=\"\" class=\"wp-image-2463\" style=\"aspect-ratio:1;object-fit:cover;width:353px;height:auto\" srcset=\"https:\/\/tintshadow.com\/wp-content\/uploads\/2025\/06\/IMG_4788-1-619x1024.jpg 619w, https:\/\/tintshadow.com\/wp-content\/uploads\/2025\/06\/IMG_4788-1-181x300.jpg 181w, https:\/\/tintshadow.com\/wp-content\/uploads\/2025\/06\/IMG_4788-1-768x1271.jpg 768w, https:\/\/tintshadow.com\/wp-content\/uploads\/2025\/06\/IMG_4788-1-928x1536.jpg 928w, https:\/\/tintshadow.com\/wp-content\/uploads\/2025\/06\/IMG_4788-1-1238x2048.jpg 1238w, https:\/\/tintshadow.com\/wp-content\/uploads\/2025\/06\/IMG_4788-1-7x12.jpg 7w, https:\/\/tintshadow.com\/wp-content\/uploads\/2025\/06\/IMG_4788-1-scaled.jpg 1547w\" sizes=\"auto, (max-width: 619px) 100vw, 619px\" \/><\/figure>\n<\/div>\n<\/div>\n<\/div>\n<\/div>\n\n\n\n<h2 class=\"wp-block-heading has-text-align-center\">\u00bfSab\u00edas que no todas las l\u00e1minas cer\u00e1micas son iguales? Descubre las diferencias entre nuestro Cer\u00e1mico Premium y el resto.<\/h2>\n\n\n\n<p class=\"has-text-align-center\">No todas las l\u00e1minas de polarizado cer\u00e1mico ofrecen la misma protecci\u00f3n, claridad o durabilidad.<br>\ud83d\udc49 <strong><a href=\"https:\/\/tintshadow.com\/es\/premium-ceramic\/#premium-ceramic-comparison\" title=\"Descubre las diferencias.\">Descubre las diferencias.<\/a><\/strong><\/p>\n\n\n\n<div class=\"wp-block-uagb-container uagb-layout-grid uagb-block-53cf611f alignfull uagb-is-root-container\"><div class=\"uagb-container-inner-blocks-wrap\">\n<div class=\"wp-block-uagb-container uagb-block-a9d510e9\">\n<div class=\"wp-block-uagb-info-box uagb-block-ca1b19fb uagb-infobox__content-wrap  uagb-infobox-icon-above-title uagb-infobox-image-valign-top\"><div class=\"uagb-ifb-content\"><div class=\"uagb-ifb-title-wrap\"><h4 class=\"uagb-ifb-title\">ELIGE EL SERVICIO QUE SE AJUSTE A TUS NECESIDADES<\/h4><\/div><p class=\"uagb-ifb-desc\">Ofrecemos polarizado profesional con servicio m\u00f3vil, calidad premium y sin complicaciones.<br>Ya sea en tu casa, en el trabajo o en el concesionario \u2014 nosotros vamos hasta ti.<\/p><\/div><\/div>\n\n\n\n<div class=\"wp-block-uagb-icon-list uagb-block-55a7f7eb\"><div class=\"uagb-icon-list__wrap\">\n<div class=\"wp-block-uagb-icon-list-child uagb-block-832f50af\"><span class=\"uagb-icon-list__source-wrap\"><svg xmlns=\"https:\/\/www.w3.org\/2000\/svg\" viewbox=\"0 0 448 512\"><path d=\"M438.6 105.4C451.1 117.9 451.1 138.1 438.6 150.6L182.6 406.6C170.1 419.1 149.9 419.1 137.4 406.6L9.372 278.6C-3.124 266.1-3.124 245.9 9.372 233.4C21.87 220.9 42.13 220.9 54.63 233.4L159.1 338.7L393.4 105.4C405.9 92.88 426.1 92.88 438.6 105.4H438.6z\"><\/path><\/svg><\/span><span class=\"uagb-icon-list__label\">Instalaci\u00f3n a domicilio<\/span><\/div>\n\n\n\n<div class=\"wp-block-uagb-icon-list-child uagb-block-b5472a9b\"><span class=\"uagb-icon-list__source-wrap\"><svg xmlns=\"https:\/\/www.w3.org\/2000\/svg\" viewbox=\"0 0 448 512\"><path d=\"M438.6 105.4C451.1 117.9 451.1 138.1 438.6 150.6L182.6 406.6C170.1 419.1 149.9 419.1 137.4 406.6L9.372 278.6C-3.124 266.1-3.124 245.9 9.372 233.4C21.87 220.9 42.13 220.9 54.63 233.4L159.1 338.7L393.4 105.4C405.9 92.88 426.1 92.88 438.6 105.4H438.6z\"><\/path><\/svg><\/span><span class=\"uagb-icon-list__label\">Sin compromisos a largo plazo<\/span><\/div>\n\n\n\n<div class=\"wp-block-uagb-icon-list-child uagb-block-c33b952f\"><span class=\"uagb-icon-list__source-wrap\"><svg xmlns=\"https:\/\/www.w3.org\/2000\/svg\" viewbox=\"0 0 448 512\"><path d=\"M438.6 105.4C451.1 117.9 451.1 138.1 438.6 150.6L182.6 406.6C170.1 419.1 149.9 419.1 137.4 406.6L9.372 278.6C-3.124 266.1-3.124 245.9 9.372 233.4C21.87 220.9 42.13 220.9 54.63 233.4L159.1 338.7L393.4 105.4C405.9 92.88 426.1 92.88 438.6 105.4H438.6z\"><\/path><\/svg><\/span><span class=\"uagb-icon-list__label\">Protecci\u00f3n UV del 99%<\/span><\/div>\n\n\n\n<div class=\"wp-block-uagb-icon-list-child uagb-block-46a3d99d\"><span class=\"uagb-icon-list__source-wrap\"><svg xmlns=\"https:\/\/www.w3.org\/2000\/svg\" viewbox=\"0 0 448 512\"><path d=\"M438.6 105.4C451.1 117.9 451.1 138.1 438.6 150.6L182.6 406.6C170.1 419.1 149.9 419.1 137.4 406.6L9.372 278.6C-3.124 266.1-3.124 245.9 9.372 233.4C21.87 220.9 42.13 220.9 54.63 233.4L159.1 338.7L393.4 105.4C405.9 92.88 426.1 92.88 438.6 105.4H438.6z\"><\/path><\/svg><\/span><span class=\"uagb-icon-list__label\">Precios claros y directos<\/span><\/div>\n<\/div><\/div>\n<\/div>\n\n\n\n<div class=\"wp-block-uagb-info-box uagb-block-6e5aa251 uagb-infobox__content-wrap  uagb-infobox-icon-above-title uagb-infobox-image-valign-top\"><div class=\"uagb-ifb-content\"><div class=\"uagb-ifb-title-wrap\"><h3 class=\"uagb-ifb-title-prefix\">CUIDADO ILIMITADO DE POLARIZADO<\/h3><h6 class=\"uagb-ifb-title\">Protecci\u00f3n continua. Ahorro real.<\/h6><\/div><\/div><\/div>\n<\/div><\/div>\n\n\n\n<div class=\"wp-block-uagb-container uagb-block-826490c9 alignfull uagb-is-root-container\"><div class=\"uagb-container-inner-blocks-wrap\">\n<div class=\"wp-block-uagb-info-box uagb-block-95eab26b uagb-infobox__content-wrap  uagb-infobox-icon-above-title uagb-infobox-image-valign-top\"><div class=\"uagb-ifb-content\"><div class=\"uagb-ifb-title-wrap\"><h6 class=\"uagb-ifb-title-prefix\">100% RECOMENDADOS<\/h6><h2 class=\"uagb-ifb-title\">SERVICIO PREMIUM DE POLARIZADO<\/h2><\/div><div class=\"uagb-ifb-button-wrapper wp-block-button\"><a href=\"https:\/\/wa.me\/13522230788?text=Hello%2C%20I%27m%20interested%20in%20your%20window%20tinting%20services.%20Can%20you%20give%20me%20more%20information%3F\" class=\"uagb-infobox-cta-link wp-block-button__link\" target=\"_blank\" rel=\"noopener noreferrer\" onclick=\"return true;\"><span class=\"uagb-inline-editing\">Reserva Ahora<\/span><\/a><\/div><\/div><\/div>\n<\/div><\/div>","protected":false},"excerpt":{"rendered":"<p>Precise plotter cuts Every vehicle is different, which is why we use plotter cutting technology to achieve precise, custom cuts for each model This system allows each film piece to fit perfectly to the glass, ensuring. Did you know not all ceramic films are the same? Discover the differences between our Premium Ceramic and the [&hellip;]<\/p>","protected":false},"author":1,"featured_media":0,"parent":0,"menu_order":0,"comment_status":"closed","ping_status":"closed","template":"","meta":{"om_disable_all_campaigns":false,"_uag_custom_page_level_css":"","_monsterinsights_skip_tracking":false,"_monsterinsights_sitenote_active":false,"_monsterinsights_sitenote_note":"","_monsterinsights_sitenote_category":0,"site-sidebar-layout":"no-sidebar","site-content-layout":"plain-container","ast-site-content-layout":"full-width-container","site-content-style":"unboxed","site-sidebar-style":"unboxed","ast-global-header-display":"","ast-banner-title-visibility":"","ast-main-header-display":"","ast-hfb-above-header-display":"","ast-hfb-below-header-display":"","ast-hfb-mobile-header-display":"","site-post-title":"disabled","ast-breadcrumbs-content":"","ast-featured-img":"disabled","footer-sml-layout":"","theme-transparent-header-meta":"enabled","adv-header-id-meta":"","stick-header-meta":"","header-above-stick-meta":"","header-main-stick-meta":"","header-below-stick-meta":"","astra-migrate-meta-layouts":"set","ast-page-background-enabled":"default","ast-page-background-meta":{"desktop":{"background-color":"","background-image":"","background-repeat":"repeat","background-position":"center center","background-size":"auto","background-attachment":"scroll","background-type":"","background-media":"","overlay-type":"","overlay-color":"","overlay-opacity":"","overlay-gradient":""},"tablet":{"background-color":"","background-image":"","background-repeat":"repeat","background-position":"center center","background-size":"auto","background-attachment":"scroll","background-type":"","background-media":"","overlay-type":"","overlay-color":"","overlay-opacity":"","overlay-gradient":""},"mobile":{"background-color":"","background-image":"","background-repeat":"repeat","background-position":"center center","background-size":"auto","background-attachment":"scroll","background-type":"","background-media":"","overlay-type":"","overlay-color":"","overlay-opacity":"","overlay-gradient":""}},"ast-content-background-meta":{"desktop":{"background-color":"var(--ast-global-color-5)","background-image":"","background-repeat":"repeat","background-position":"center center","background-size":"auto","background-attachment":"scroll","background-type":"","background-media":"","overlay-type":"","overlay-color":"","overlay-opacity":"","overlay-gradient":""},"tablet":{"background-color":"var(--ast-global-color-5)","background-image":"","background-repeat":"repeat","background-position":"center center","background-size":"auto","background-attachment":"scroll","background-type":"","background-media":"","overlay-type":"","overlay-color":"","overlay-opacity":"","overlay-gradient":""},"mobile":{"background-color":"var(--ast-global-color-5)","background-image":"","background-repeat":"repeat","background-position":"center center","background-size":"auto","background-attachment":"scroll","background-type":"","background-media":"","overlay-type":"","overlay-color":"","overlay-opacity":"","overlay-gradient":""}},"footnotes":""},"class_list":["post-861","page","type-page","status-publish","hentry"],"aioseo_notices":[],"uagb_featured_image_src":{"full":false,"thumbnail":false,"medium":false,"medium_large":false,"large":false,"1536x1536":false,"2048x2048":false,"trp-custom-language-flag":false},"uagb_author_info":{"display_name":"windowtintshadow@windowtintshadow.com","author_link":"https:\/\/tintshadow.com\/es\/author\/windowtintshadowwindowtintshadow-com\/"},"uagb_comment_info":0,"uagb_excerpt":"Precise plotter cuts Every vehicle is different, which is why we use plotter cutting technology to achieve precise, custom cuts for each model This system allows each film piece to fit perfectly to the glass, ensuring. Did you know not all ceramic films are the same? Discover the differences between our Premium Ceramic and the&hellip;","_links":{"self":[{"href":"https:\/\/tintshadow.com\/es\/wp-json\/wp\/v2\/pages\/861","targetHints":{"allow":["GET"]}}],"collection":[{"href":"https:\/\/tintshadow.com\/es\/wp-json\/wp\/v2\/pages"}],"about":[{"href":"https:\/\/tintshadow.com\/es\/wp-json\/wp\/v2\/types\/page"}],"author":[{"embeddable":true,"href":"https:\/\/tintshadow.com\/es\/wp-json\/wp\/v2\/users\/1"}],"replies":[{"embeddable":true,"href":"https:\/\/tintshadow.com\/es\/wp-json\/wp\/v2\/comments?post=861"}],"version-history":[{"count":55,"href":"https:\/\/tintshadow.com\/es\/wp-json\/wp\/v2\/pages\/861\/revisions"}],"predecessor-version":[{"id":2546,"href":"https:\/\/tintshadow.com\/es\/wp-json\/wp\/v2\/pages\/861\/revisions\/2546"}],"wp:attachment":[{"href":"https:\/\/tintshadow.com\/es\/wp-json\/wp\/v2\/media?parent=861"}],"curies":[{"name":"wp","href":"https:\/\/api.w.org\/{rel}","templated":true}]}}