{"id":859,"date":"2025-06-03T23:00:12","date_gmt":"2025-06-03T23:00:12","guid":{"rendered":"https:\/\/tintshadow.com\/about\/"},"modified":"2025-06-11T23:49:01","modified_gmt":"2025-06-11T23:49:01","slug":"about","status":"publish","type":"page","link":"https:\/\/tintshadow.com\/es\/about\/","title":{"rendered":"Sobre Nosotros"},"content":{"rendered":"<div class=\"wp-block-uagb-container uagb-block-f6166987 alignfull uagb-is-root-container\"><div class=\"uagb-container-inner-blocks-wrap\">\n<div class=\"wp-block-uagb-advanced-heading uagb-block-b086a344\"><h1 class=\"uagb-heading-text\">Sobre Nosotros<\/h1><\/div>\n<\/div><\/div>\n\n\n\n<div class=\"wp-block-media-text is-stacked-on-mobile has-ast-global-color-5-background-color has-background\" style=\"border-radius:0px\"><figure class=\"wp-block-media-text__media\"><img loading=\"lazy\" decoding=\"async\" width=\"683\" height=\"1024\" src=\"https:\/\/tintshadow.com\/wp-content\/uploads\/2025\/06\/9C3B9600-3C30-4F5D-B4CE-0F17BF35FEAD-1-683x1024.png\" alt=\"\" class=\"wp-image-2415 size-full\" srcset=\"https:\/\/tintshadow.com\/wp-content\/uploads\/2025\/06\/9C3B9600-3C30-4F5D-B4CE-0F17BF35FEAD-1-683x1024.png 683w, https:\/\/tintshadow.com\/wp-content\/uploads\/2025\/06\/9C3B9600-3C30-4F5D-B4CE-0F17BF35FEAD-1-200x300.png 200w, https:\/\/tintshadow.com\/wp-content\/uploads\/2025\/06\/9C3B9600-3C30-4F5D-B4CE-0F17BF35FEAD-1-768x1152.png 768w, https:\/\/tintshadow.com\/wp-content\/uploads\/2025\/06\/9C3B9600-3C30-4F5D-B4CE-0F17BF35FEAD-1-8x12.png 8w, https:\/\/tintshadow.com\/wp-content\/uploads\/2025\/06\/9C3B9600-3C30-4F5D-B4CE-0F17BF35FEAD-1.png 1024w\" sizes=\"auto, (max-width: 683px) 100vw, 683px\" \/><\/figure><div class=\"wp-block-media-text__content\">\n<p>Sobre Nosotros<\/p>\n\n\n\n<h2 class=\"wp-block-heading\">NUESTRA HISTORIA<\/h2>\n\n\n\n<p>Tint Shadow comenz\u00f3 ofreciendo servicios exclusivos de instalaci\u00f3n de film cer\u00e1mico premium exclusivamente a concesionarios. Con el tiempo, gracias al crecimiento de nuestro equipo de instaladores altamente capacitados, expandimos nuestros servicios para atender tanto a concesionarios en todo el sur de Florida como a clientes particulares directamente en sus hogares o lugares de trabajo.<\/p>\n\n\n\n<p>Nuestro compromiso siempre ha sido el mismo: ofrecer polarizado cer\u00e1mico premium de la m\u00e1s alta calidad con m\u00e1xima precisi\u00f3n, utilizando tecnolog\u00eda de corte por plotter para asegurar acabados perfectos en cada instalaci\u00f3n. Trabajamos con materiales de primera calidad, garantizando protecci\u00f3n solar, privacidad, confort y un acabado est\u00e9tico superior para cada veh\u00edculo, hogar u oficina.<\/p>\n\n\n\n<p>En Tint Shadow, cada proyecto es una oportunidad para ofrecer excelencia, rapidez y profesionalismo, adapt\u00e1ndonos siempre a la comodidad del cliente con nuestro servicio 100% m\u00f3vil.<\/p>\n<\/div><\/div>\n\n\n\n<div class=\"wp-block-uagb-container uagb-block-e7390e1c alignfull uagb-is-root-container\"><div class=\"uagb-container-inner-blocks-wrap\">\n<div class=\"wp-block-uagb-call-to-action uagb-block-267896d9 wp-block-button\"><div class=\"uagb-cta__wrap\"><h3 class=\"uagb-cta__title\">\u00bfQuieres saber qu\u00e9 hace diferente a nuestro film cer\u00e1mico premium?<\/h3><p class=\"uagb-cta__desc\">Descubre la tecnolog\u00eda avanzada y la protecci\u00f3n multicapa detr\u00e1s de cada instalaci\u00f3n.<\/p><\/div><div class=\"uagb-cta__buttons\"><a href=\"https:\/\/tintshadow.com\/es\/premium-ceramic\/\" class=\"uagb-cta__button-link-wrapper wp-block-button__link\" target=\"_blank\" rel=\"noopener noreferrer\">Saber m\u00e1s<svg xmlns=\"https:\/\/www.w3.org\/2000\/svg\" viewbox=\"0 0 512 512\"><path d=\"M504.3 273.6l-112.1 104c-6.992 6.484-17.18 8.218-25.94 4.406c-8.758-3.812-14.42-12.45-14.42-21.1L351.9 288H32C14.33 288 .0002 273.7 .0002 255.1S14.33 224 32 224h319.9l0-72c0-9.547 5.66-18.19 14.42-22c8.754-3.809 18.95-2.075 25.94 4.41l112.1 104C514.6 247.9 514.6 264.1 504.3 273.6z\"><\/path><\/svg><\/a><\/div><\/div>\n\n\n\n<div class=\"wp-block-uagb-separator uagb-block-1b03e923\"><div class=\"wp-block-uagb-separator__inner\" style=\"--my-background-image:\"><\/div><\/div>\n<\/div><\/div>","protected":false},"excerpt":{"rendered":"<p>ABOUT US ABOUT US OUR STORY Tint Shadow started by offering exclusive premium ceramic film installation services exclusively to dealerships. Over time, thanks to the growth of our highly trained team of installers, we expanded our services to serve both dealerships across South Florida and private clients directly at their homes or workplaces. Our commitment [&hellip;]<\/p>","protected":false},"author":1,"featured_media":0,"parent":0,"menu_order":0,"comment_status":"closed","ping_status":"closed","template":"","meta":{"om_disable_all_campaigns":false,"_uag_custom_page_level_css":"","_monsterinsights_skip_tracking":false,"_monsterinsights_sitenote_active":false,"_monsterinsights_sitenote_note":"","_monsterinsights_sitenote_category":0,"site-sidebar-layout":"no-sidebar","site-content-layout":"plain-container","ast-site-content-layout":"full-width-container","site-content-style":"unboxed","site-sidebar-style":"unboxed","ast-global-header-display":"","ast-banner-title-visibility":"","ast-main-header-display":"","ast-hfb-above-header-display":"","ast-hfb-below-header-display":"","ast-hfb-mobile-header-display":"","site-post-title":"disabled","ast-breadcrumbs-content":"","ast-featured-img":"disabled","footer-sml-layout":"","theme-transparent-header-meta":"enabled","adv-header-id-meta":"","stick-header-meta":"","header-above-stick-meta":"","header-main-stick-meta":"","header-below-stick-meta":"","astra-migrate-meta-layouts":"set","ast-page-background-enabled":"default","ast-page-background-meta":{"desktop":{"background-color":"","background-image":"","background-repeat":"repeat","background-position":"center center","background-size":"auto","background-attachment":"scroll","background-type":"","background-media":"","overlay-type":"","overlay-color":"","overlay-opacity":"","overlay-gradient":""},"tablet":{"background-color":"","background-image":"","background-repeat":"repeat","background-position":"center center","background-size":"auto","background-attachment":"scroll","background-type":"","background-media":"","overlay-type":"","overlay-color":"","overlay-opacity":"","overlay-gradient":""},"mobile":{"background-color":"","background-image":"","background-repeat":"repeat","background-position":"center center","background-size":"auto","background-attachment":"scroll","background-type":"","background-media":"","overlay-type":"","overlay-color":"","overlay-opacity":"","overlay-gradient":""}},"ast-content-background-meta":{"desktop":{"background-color":"var(--ast-global-color-5)","background-image":"","background-repeat":"repeat","background-position":"center center","background-size":"auto","background-attachment":"scroll","background-type":"","background-media":"","overlay-type":"","overlay-color":"","overlay-opacity":"","overlay-gradient":""},"tablet":{"background-color":"var(--ast-global-color-5)","background-image":"","background-repeat":"repeat","background-position":"center center","background-size":"auto","background-attachment":"scroll","background-type":"","background-media":"","overlay-type":"","overlay-color":"","overlay-opacity":"","overlay-gradient":""},"mobile":{"background-color":"var(--ast-global-color-5)","background-image":"","background-repeat":"repeat","background-position":"center center","background-size":"auto","background-attachment":"scroll","background-type":"","background-media":"","overlay-type":"","overlay-color":"","overlay-opacity":"","overlay-gradient":""}},"footnotes":""},"class_list":["post-859","page","type-page","status-publish","hentry"],"aioseo_notices":[],"uagb_featured_image_src":{"full":false,"thumbnail":false,"medium":false,"medium_large":false,"large":false,"1536x1536":false,"2048x2048":false,"trp-custom-language-flag":false},"uagb_author_info":{"display_name":"windowtintshadow@windowtintshadow.com","author_link":"https:\/\/tintshadow.com\/es\/author\/windowtintshadowwindowtintshadow-com\/"},"uagb_comment_info":0,"uagb_excerpt":"ABOUT US ABOUT US OUR STORY Tint Shadow started by offering exclusive premium ceramic film installation services exclusively to dealerships. Over time, thanks to the growth of our highly trained team of installers, we expanded our services to serve both dealerships across South Florida and private clients directly at their homes or workplaces. Our commitment&hellip;","_links":{"self":[{"href":"https:\/\/tintshadow.com\/es\/wp-json\/wp\/v2\/pages\/859","targetHints":{"allow":["GET"]}}],"collection":[{"href":"https:\/\/tintshadow.com\/es\/wp-json\/wp\/v2\/pages"}],"about":[{"href":"https:\/\/tintshadow.com\/es\/wp-json\/wp\/v2\/types\/page"}],"author":[{"embeddable":true,"href":"https:\/\/tintshadow.com\/es\/wp-json\/wp\/v2\/users\/1"}],"replies":[{"embeddable":true,"href":"https:\/\/tintshadow.com\/es\/wp-json\/wp\/v2\/comments?post=859"}],"version-history":[{"count":11,"href":"https:\/\/tintshadow.com\/es\/wp-json\/wp\/v2\/pages\/859\/revisions"}],"predecessor-version":[{"id":2431,"href":"https:\/\/tintshadow.com\/es\/wp-json\/wp\/v2\/pages\/859\/revisions\/2431"}],"wp:attachment":[{"href":"https:\/\/tintshadow.com\/es\/wp-json\/wp\/v2\/media?parent=859"}],"curies":[{"name":"wp","href":"https:\/\/api.w.org\/{rel}","templated":true}]}}