{"id":2350,"date":"2025-06-09T01:24:29","date_gmt":"2025-06-09T01:24:29","guid":{"rendered":"https:\/\/tintshadow.com\/?page_id=2350"},"modified":"2025-06-22T04:34:06","modified_gmt":"2025-06-22T04:34:06","slug":"premium-ceramic","status":"publish","type":"page","link":"https:\/\/tintshadow.com\/es\/premium-ceramic\/","title":{"rendered":"Cer\u00e1mico Premium"},"content":{"rendered":"<div class=\"wp-block-uagb-container uagb-block-d8b454c1 alignfull uagb-is-root-container\"><div class=\"uagb-container-inner-blocks-wrap\">\n<h2 class=\"wp-block-heading has-ast-global-color-5-color has-text-color has-link-color wp-elements-5b36265cf6228f54d9a49d8db6e03518\">Descubre de qu\u00e9 est\u00e1 hecho nuestro film cer\u00e1mico premium y por qu\u00e9 ofrece el m\u00e1ximo nivel de protecci\u00f3n y calidad.<\/h2>\n\n\n\n<div class=\"wp-block-buttons is-layout-flex wp-block-buttons-is-layout-flex\">\n<div class=\"wp-block-button is-style-fill\"><a class=\"wp-block-button__link has-ast-global-color-5-color has-text-color has-link-color has-text-align-center wp-element-button\" href=\"https:\/\/wa.me\/13522230788?text=Hello%2C%20I%27m%20interested%20in%20your%20window%20tinting%20services.%20Can%20you%20give%20me%20more%20information%3F\">Cotiza tu veh\u00edculo<\/a><\/div>\n<\/div>\n<\/div><\/div>\n\n\n\n<div class=\"wp-block-uagb-separator uagb-block-115f9573\"><div class=\"wp-block-uagb-separator__inner\" style=\"--my-background-image:\"><\/div><\/div>\n\n\n\n<h2 class=\"wp-block-heading has-text-align-center\">Estos datos son proporcionados y certificados por el fabricante del film<\/h2>\n\n\n\n<div class=\"wp-block-media-text alignwide is-stacked-on-mobile is-vertically-aligned-center has-medium-font-size\" style=\"border-style:none;border-width:0px;border-radius:100px;margin-top:var(--wp--preset--spacing--80);margin-right:var(--wp--preset--spacing--50);margin-bottom:var(--wp--preset--spacing--80);margin-left:var(--wp--preset--spacing--50);padding-top:var(--wp--preset--spacing--70);padding-right:var(--wp--preset--spacing--70);padding-bottom:var(--wp--preset--spacing--70);padding-left:var(--wp--preset--spacing--70);grid-template-columns:43% auto\"><figure class=\"wp-block-media-text__media\"><img loading=\"lazy\" decoding=\"async\" width=\"1024\" height=\"1024\" src=\"https:\/\/tintshadow.com\/wp-content\/uploads\/2025\/06\/9EF00237-AB91-4A0B-8504-D3015272FFB1.png\" alt=\"\" class=\"wp-image-2426 size-full\" srcset=\"https:\/\/tintshadow.com\/wp-content\/uploads\/2025\/06\/9EF00237-AB91-4A0B-8504-D3015272FFB1.png 1024w, https:\/\/tintshadow.com\/wp-content\/uploads\/2025\/06\/9EF00237-AB91-4A0B-8504-D3015272FFB1-300x300.png 300w, https:\/\/tintshadow.com\/wp-content\/uploads\/2025\/06\/9EF00237-AB91-4A0B-8504-D3015272FFB1-150x150.png 150w, https:\/\/tintshadow.com\/wp-content\/uploads\/2025\/06\/9EF00237-AB91-4A0B-8504-D3015272FFB1-768x768.png 768w, https:\/\/tintshadow.com\/wp-content\/uploads\/2025\/06\/9EF00237-AB91-4A0B-8504-D3015272FFB1-12x12.png 12w\" sizes=\"auto, (max-width: 1024px) 100vw, 1024px\" \/><\/figure><div class=\"wp-block-media-text__content\">\n<h2 class=\"wp-block-heading has-large-font-size\">&nbsp;\u00bfQu\u00e9 hace especial a nuestro film cer\u00e1mico premium?<\/h2>\n\n\n\n<blockquote class=\"wp-block-quote alignwide has-black-color has-text-color has-link-color has-small-font-size wp-elements-42335ffdb311694a02bcf6d6c9b9a1a7 is-layout-flow wp-block-quote-is-layout-flow\">\n<ul class=\"wp-block-list\">\n<li>Nuestro film est\u00e1 compuesto por 8 capas avanzadas que trabajan juntas para brindar el mejor rendimiento en protecci\u00f3n, durabilidad y apariencia.<\/li>\n<\/ul>\n<\/blockquote>\n\n\n\n<blockquote class=\"wp-block-quote alignwide has-text-align-left is-style-default has-black-color has-text-color has-link-color has-small-font-size wp-elements-6721a995047e3816b585e06e9ffd7681 is-layout-flow wp-container-core-quote-is-layout-fd134cff wp-block-quote-is-layout-flow\" style=\"border-style:none;border-width:0px;border-radius:0px;padding-right:0;padding-left:0\">\n<ul class=\"wp-block-list has-small-font-size\">\n<li>Anti-Scratch Coating: protege contra rayones y mantiene el acabado impecable.<\/li>\n\n\n\n<li>Clear Hardcoat: capa r\u00edgida que refuerza la durabilidad.<\/li>\n\n\n\n<li>Ceramic Layer: bloquea el calor sin interferir con la se\u00f1al.<\/li>\n\n\n\n<li>Nano-Cbn Layer: mejora el color y reduce el desvanecimiento.<\/li>\n\n\n\n<li>Capa de Rechazo UV: bloquea hasta el 100% de los rayos UV una vez instalado.<\/li>\n\n\n\n<li>Optical Layer: mantiene la visibilidad clara desde el interior.<\/li>\n\n\n\n<li>Polyester Film: proporciona estructura y estabilidad.<\/li>\n\n\n\n<li>Adhesive: asegura una instalaci\u00f3n firme, sin burbujas ni desprendimientos.<\/li>\n<\/ul>\n<\/blockquote>\n<\/div><\/div>\n\n\n\n<div class=\"wp-block-uagb-advanced-heading uagb-block-b3c745cc\"><h2 class=\"uagb-heading-text\">Tecnolog\u00eda que se ve y se siente<\/h2><\/div>\n\n\n\n<div class=\"wp-block-columns is-layout-flex wp-container-core-columns-is-layout-28f84493 wp-block-columns-is-layout-flex\">\n<div class=\"wp-block-column is-layout-flow wp-block-column-is-layout-flow\" style=\"flex-basis:100%\">\n<div class=\"wp-block-uagb-container uagb-block-43d20e98 default uagb-is-root-container\">\n<div class=\"wp-block-media-text is-stacked-on-mobile is-vertically-aligned-top\"><figure class=\"wp-block-media-text__media\"><img loading=\"lazy\" decoding=\"async\" width=\"1022\" height=\"553\" src=\"https:\/\/tintshadow.com\/wp-content\/uploads\/2025\/06\/24816496-0A72-4EDA-933F-1586EE7BD7D2-e1749687749821.png\" alt=\"\" class=\"wp-image-2425 size-full\" srcset=\"https:\/\/tintshadow.com\/wp-content\/uploads\/2025\/06\/24816496-0A72-4EDA-933F-1586EE7BD7D2-e1749687749821.png 1022w, https:\/\/tintshadow.com\/wp-content\/uploads\/2025\/06\/24816496-0A72-4EDA-933F-1586EE7BD7D2-e1749687749821-300x162.png 300w, https:\/\/tintshadow.com\/wp-content\/uploads\/2025\/06\/24816496-0A72-4EDA-933F-1586EE7BD7D2-e1749687749821-768x416.png 768w, https:\/\/tintshadow.com\/wp-content\/uploads\/2025\/06\/24816496-0A72-4EDA-933F-1586EE7BD7D2-e1749687749821-18x10.png 18w\" sizes=\"auto, (max-width: 1022px) 100vw, 1022px\" \/><\/figure><div class=\"wp-block-media-text__content\">\n<h2 class=\"wp-block-heading has-large-font-size\">Nuestro film cer\u00e1mico no es solo apariencia, es rendimiento real.<\/h2>\n\n\n\n<p class=\"has-text-align-center\">Gracias a su tecnolog\u00eda multicapa, reduce el calor, bloquea los rayos UV y refuerza tus vidrios con estilo y durabilidad.<\/p>\n<\/div><\/div>\n<\/div>\n<\/div>\n<\/div>\n\n\n\n<div style=\"height:20px\" aria-hidden=\"true\" class=\"wp-block-spacer\"><\/div>\n\n\n\n<h2 class=\"wp-block-heading has-text-align-center\" id=\"premium-ceramic-comparison\">\u00bfCu\u00e1les son las diferencias entre el Film Cer\u00e1mico Premium y el Cer\u00e1mico Est\u00e1ndar?<\/h2>\n\n\n\n<figure class=\"wp-block-table is-style-stripes\"><table class=\"has-fixed-layout\"><thead><tr><th>Caracter\u00edstica<\/th><th>Nuestro Cer\u00e1mico Premium (2 mil)<\/th><th>Cer\u00e1mico com\u00fan en Florida (1.5 mil)<\/th><\/tr><\/thead><tbody><tr><td>                                    Protecci\u00f3n UV<\/td><td>                                         100%<\/td><td>                                            90\u201398%<\/td><\/tr><tr><td>                               Rechazo de calor (IR)<\/td><td>                                     Hasta 99%<\/td><td>                                             85\u201390%<\/td><\/tr><tr><td>                                        Grosor<\/td><td>                 <strong>2 mil<\/strong> 2 mil (m\u00e1s durabilidad y resistencia)<\/td><td>                         <strong>1.5 mil (m\u00e1s delgado, menos duradero)<\/strong> 1.5 mil (m\u00e1s delgado, menos duradero)<\/td><\/tr><tr><td>                                        Durabilidad<\/td><td>               M\u00e1s resistente a rayones y decoloraci\u00f3n<\/td><td>              Se deteriora m\u00e1s r\u00e1pido con el sol<\/td><\/tr><tr><td>                                Interferencia de se\u00f1al<\/td><td>                No interfiere (GPS, Bluetooth, etc.)<\/td><td>                                         No interfiere<\/td><\/tr><tr><td>                                    Claridad \u00f3ptica<\/td><td>                      Alta claridad y estabilidad de color<\/td><td>                           Puede perder color con el tiempo<\/td><\/tr><tr><td><\/td><td><\/td><td><\/td><\/tr><\/tbody><\/table><\/figure>\n\n\n\n<div style=\"height:15px\" aria-hidden=\"true\" class=\"wp-block-spacer\"><\/div>\n\n\n\n<hr class=\"wp-block-separator has-alpha-channel-opacity is-style-dots\" style=\"margin-top:var(--wp--preset--spacing--50);margin-bottom:var(--wp--preset--spacing--50)\"\/>\n\n\n\n<h2 class=\"wp-block-heading has-text-align-center\">Cuales son las diferencias entre Film Cer\u00e1mico y Film de Carb\u00f3n<\/h2>\n\n\n\n<figure class=\"wp-block-table is-style-stripes\"><table class=\"has-fixed-layout\"><thead><tr><th>Caracter\u00edstica<\/th><th>Film Cer\u00e1mico (Premium)<\/th><th> Film Carb\u00f3n<\/th><\/tr><\/thead><tbody><tr><td>                                    Protecci\u00f3n UV<\/td><td>                               100%<\/td><td>                                      Hasta 70%<\/td><\/tr><tr><td>                                   Heat Rejection <\/td><td>                                Hasta 99%<\/td><td>                               Moderado (60\u201370%)<\/td><\/tr><tr><td>                               Interferencia de se\u00f1al<\/td><td>             No interfiere (GPS, Bluetooth, etc.)<\/td><td>                              Puede interferir ligeramente<\/td><\/tr><tr><td>                                     Visual Clarity<\/td><td>                  Alta claridad \u00f3ptica desde el interior<\/td><td>                      Buena, pero menor que el cer\u00e1mico<\/td><\/tr><tr><td>                                       Durabilidad<\/td><td>               Alta, no se decolora con el tiempo<\/td><td>          Duraci\u00f3n media, puede degradarse con el sol<\/td><\/tr><tr><td>                                       Grosor<\/td><td>                                     2 mil<\/td><td>                                     1.5 mil (aproximadamente)<\/td><\/tr><tr><td>                                          Price<\/td><td>             M\u00e1s alto, por su tecnolog\u00eda avanzada<\/td><td>                                    Econ\u00f3mico<\/td><\/tr><tr><td><\/td><td><\/td><td><\/td><\/tr><\/tbody><\/table><\/figure>\n\n\n\n<p><\/p>\n\n\n\n<div class=\"wp-block-uagb-call-to-action uagb-block-f235110c wp-block-button https:\/\/wa.me\/13522230788\"><div class=\"uagb-cta__wrap\"><h3 class=\"uagb-cta__title\">\u00bfLISTO PARA TRANSFORMAR TU AUTO?<\/h3><p class=\"uagb-cta__desc\">Solicita tu cotizaci\u00f3n hoy mismo y obt\u00e9n instalaci\u00f3n profesional a domicilio con film cer\u00e1mico de alta calidad.<\/p><\/div><div class=\"uagb-cta__buttons\"><a href=\"https:\/\/wa.me\/13522230788?text=Hello%2C%20I%27m%20interested%20in%20your%20window%20tinting%20services.%20Can%20you%20give%20me%20more%20information%3F\" class=\"uagb-cta__button-link-wrapper wp-block-button__link\" target=\"_blank\" rel=\"noopener noreferrer\">CONT\u00c1CTANOS AHORA<svg xmlns=\"https:\/\/www.w3.org\/2000\/svg\" viewbox=\"0 0 512 512\"><path d=\"M504.3 273.6l-112.1 104c-6.992 6.484-17.18 8.218-25.94 4.406c-8.758-3.812-14.42-12.45-14.42-21.1L351.9 288H32C14.33 288 .0002 273.7 .0002 255.1S14.33 224 32 224h319.9l0-72c0-9.547 5.66-18.19 14.42-22c8.754-3.809 18.95-2.075 25.94 4.41l112.1 104C514.6 247.9 514.6 264.1 504.3 273.6z\"><\/path><\/svg><\/a><\/div><\/div>\n\n\n\n<p style=\"border-style:none;border-width:0px\"><\/p>","protected":false},"excerpt":{"rendered":"<p>Discover what our premium ceramic film is made of and why it offers the highest level of protection and quality. This data is provided and certified by the film manufacturer Technology you can see and feel Our ceramic film is not just about looks \u2014 it\u2019s real performance Thanks to its multi-layer technology, it reduces [&hellip;]<\/p>","protected":false},"author":1,"featured_media":0,"parent":0,"menu_order":0,"comment_status":"closed","ping_status":"closed","template":"","meta":{"om_disable_all_campaigns":false,"_uag_custom_page_level_css":"","_monsterinsights_skip_tracking":false,"_monsterinsights_sitenote_active":false,"_monsterinsights_sitenote_note":"","_monsterinsights_sitenote_category":0,"site-sidebar-layout":"default","site-content-layout":"","ast-site-content-layout":"default","site-content-style":"default","site-sidebar-style":"default","ast-global-header-display":"","ast-banner-title-visibility":"","ast-main-header-display":"","ast-hfb-above-header-display":"","ast-hfb-below-header-display":"","ast-hfb-mobile-header-display":"","site-post-title":"disabled","ast-breadcrumbs-content":"","ast-featured-img":"","footer-sml-layout":"","theme-transparent-header-meta":"","adv-header-id-meta":"","stick-header-meta":"","header-above-stick-meta":"","header-main-stick-meta":"","header-below-stick-meta":"","astra-migrate-meta-layouts":"set","ast-page-background-enabled":"default","ast-page-background-meta":{"desktop":{"background-color":"","background-image":"","background-repeat":"repeat","background-position":"center center","background-size":"auto","background-attachment":"scroll","background-type":"","background-media":"","overlay-type":"","overlay-color":"","overlay-opacity":"","overlay-gradient":""},"tablet":{"background-color":"","background-image":"","background-repeat":"repeat","background-position":"center center","background-size":"auto","background-attachment":"scroll","background-type":"","background-media":"","overlay-type":"","overlay-color":"","overlay-opacity":"","overlay-gradient":""},"mobile":{"background-color":"","background-image":"","background-repeat":"repeat","background-position":"center center","background-size":"auto","background-attachment":"scroll","background-type":"","background-media":"","overlay-type":"","overlay-color":"","overlay-opacity":"","overlay-gradient":""}},"ast-content-background-meta":{"desktop":{"background-color":"var(--ast-global-color-5)","background-image":"","background-repeat":"repeat","background-position":"center center","background-size":"auto","background-attachment":"scroll","background-type":"","background-media":"","overlay-type":"","overlay-color":"","overlay-opacity":"","overlay-gradient":""},"tablet":{"background-color":"var(--ast-global-color-5)","background-image":"","background-repeat":"repeat","background-position":"center center","background-size":"auto","background-attachment":"scroll","background-type":"","background-media":"","overlay-type":"","overlay-color":"","overlay-opacity":"","overlay-gradient":""},"mobile":{"background-color":"var(--ast-global-color-5)","background-image":"","background-repeat":"repeat","background-position":"center center","background-size":"auto","background-attachment":"scroll","background-type":"","background-media":"","overlay-type":"","overlay-color":"","overlay-opacity":"","overlay-gradient":""}},"footnotes":""},"class_list":["post-2350","page","type-page","status-publish","hentry"],"aioseo_notices":[],"uagb_featured_image_src":{"full":false,"thumbnail":false,"medium":false,"medium_large":false,"large":false,"1536x1536":false,"2048x2048":false,"trp-custom-language-flag":false},"uagb_author_info":{"display_name":"windowtintshadow@windowtintshadow.com","author_link":"https:\/\/tintshadow.com\/es\/author\/windowtintshadowwindowtintshadow-com\/"},"uagb_comment_info":0,"uagb_excerpt":"Discover what our premium ceramic film is made of and why it offers the highest level of protection and quality. This data is provided and certified by the film manufacturer Technology you can see and feel Our ceramic film is not just about looks \u2014 it\u2019s real performance Thanks to its multi-layer technology, it reduces&hellip;","_links":{"self":[{"href":"https:\/\/tintshadow.com\/es\/wp-json\/wp\/v2\/pages\/2350","targetHints":{"allow":["GET"]}}],"collection":[{"href":"https:\/\/tintshadow.com\/es\/wp-json\/wp\/v2\/pages"}],"about":[{"href":"https:\/\/tintshadow.com\/es\/wp-json\/wp\/v2\/types\/page"}],"author":[{"embeddable":true,"href":"https:\/\/tintshadow.com\/es\/wp-json\/wp\/v2\/users\/1"}],"replies":[{"embeddable":true,"href":"https:\/\/tintshadow.com\/es\/wp-json\/wp\/v2\/comments?post=2350"}],"version-history":[{"count":36,"href":"https:\/\/tintshadow.com\/es\/wp-json\/wp\/v2\/pages\/2350\/revisions"}],"predecessor-version":[{"id":2532,"href":"https:\/\/tintshadow.com\/es\/wp-json\/wp\/v2\/pages\/2350\/revisions\/2532"}],"wp:attachment":[{"href":"https:\/\/tintshadow.com\/es\/wp-json\/wp\/v2\/media?parent=2350"}],"curies":[{"name":"wp","href":"https:\/\/api.w.org\/{rel}","templated":true}]}}